{"id":328,"date":"2023-05-15T11:26:49","date_gmt":"2023-05-15T09:26:49","guid":{"rendered":"https:\/\/locandafiorita.com\/privacy-policy\/"},"modified":"2023-05-26T11:03:47","modified_gmt":"2023-05-26T09:03:47","slug":"privacy-policy","status":"publish","type":"page","link":"https:\/\/locandafiorita.com\/fr\/privacy-policy\/","title":{"rendered":"Privacy Policy"},"content":{"rendered":"\n<p>La note d\u2019information pour le traitement des donn\u00e9es personnelles est conforme \u00e0 l\u2019article 13 du D.L. n\u00b0 196 du 30 juin 2003, \u201cCode en mati\u00e8re de protection des donn\u00e9es personnelles\u201d.<br>1.Les donn\u00e9es que vous nous fournirez seront utilis\u00e9es uniquement dans le but de r\u00e9pondre aux besoins de r\u00e9servations touristiques du site www.locandafiorita.com<br>2.Le traitement des donn\u00e9es sera g\u00e9r\u00e9 par informatique et\/ou manuellement afin d\u2019enregistrer, g\u00e9rer et transmettre ces m\u00eames donn\u00e9es.<br>3.Vos donn\u00e9es sont obligatoires et sont indispensables pour votre r\u00e9servation.<br>4.Le titulaire et le responsable des donn\u00e9es c\u2019est Monsieur Alessandra Vazzoler de la soci\u00e9t\u00e9 Locanda Fiorita di Battistetti Paolo e Vazzoler Alessandra sous l\u2019enseigne Locanda Fiorita, sis au N\u00b0, rue San Marco, 3457\/a \u2013 30124 Venezia (Italie) \u2013 T\u00e9l\u00e9phone +39 041 5234754 \u2013 email info@locandafiorita.com.<br>5.A tout moment vous pourrez avoir acc\u00e8s \u00e0 vos donn\u00e9es, conform\u00e9ment \u00e0 l\u2019article 7 du D. L. 196\/2003 que nous reproduisons int\u00e9gralement pour votre confort:<\/p>\n\n\n\n<p>1. L\u2019int\u00e9ress\u00e9 a le droit d\u2019obtenir la confirmation de l\u2019existence de donn\u00e9es personnelles le concernant, m\u00eame si elles n\u2019ont pas encore \u00e9t\u00e9 enregistr\u00e9es ou communiqu\u00e9es sous forme intelligible.<br>2. L\u2019int\u00e9ress\u00e9 a le droit de conna\u00eetre:<br>a) l\u2019origine de ses donn\u00e9es personnelles;<br>b) les finalit\u00e9s et les modalit\u00e9s de traitement utilis\u00e9es;<br>c) la logique appliqu\u00e9e pour les traitements effectu\u00e9s \u00e0 l\u2019aide d\u2019instruments \u00e9lectroniques;<br>d) les noms du titulaire, des responsables et du repr\u00e9sentant tels que vis\u00e9s \u00e0 l\u2019article 5, alin\u00e9a 2;<br>e) les tiers ou les cat\u00e9gories de tiers auxquels vos donn\u00e9es personnelles pourront \u00eatre communiqu\u00e9es ou qu\u2019ils pourront \u00eatre amen\u00e9s \u00e0 conna\u00eetre en qualit\u00e9 de repr\u00e9sentant d\u00e9sign\u00e9 sur le territoire national, de responsable ou de charg\u00e9 d\u2019affaires.<br>3. L\u2019int\u00e9ress\u00e9 a le droit d\u2019obtenir:<br>a) la mise \u00e0 jour, la rectification, ou si cela est dans son int\u00e9r\u00eat, l\u2019int\u00e9gration de ses donn\u00e9es;<br>b) l\u2019annulation, la transformation sous forme anonyme ou le gel des donn\u00e9es trait\u00e9es et qui violeraient la loi, y compris celles dont la conservation n\u2019est pas n\u00e9cessaire conform\u00e9ment aux objectifs pour lesquels ces donn\u00e9es ont \u00e9t\u00e9 recueillies ou trait\u00e9es;<br>c) la garantie que les op\u00e9rations telles que vis\u00e9es aux lettres a) et b) ainsi que leur contenu ont \u00e9t\u00e9 diffus\u00e9es ainsi que les noms des tiers auxquels elles ont \u00e9t\u00e9 communiqu\u00e9es, sauf si cela se r\u00e9v\u00e9lait impossible ou risquait d\u2019entra\u00eener le recours \u00e0 des moyens manifestement disproportionn\u00e9s par rapport au droit prot\u00e9g\u00e9.<br>4. L\u2019int\u00e9ress\u00e9 a le droit de s\u2019y opposer partiellement ou en totalit\u00e9:<br>a) pour des motifs l\u00e9gitimes relatifs au traitement de ses donn\u00e9es personnelles, m\u00eame s\u2019ils rel\u00e8vent de leur recueillement;<br>b) au traitement de ses donn\u00e9es personnelles \u00e0 des fins publicitaires, de vente directe ou pour la r\u00e9alisation d\u2019\u00e9tudes de march\u00e9 ou de toute communication commerciale.<\/p>\n","protected":false},"excerpt":{"rendered":"<p>La note d\u2019information pour le traitement des donn\u00e9es personnelles est conforme \u00e0 l\u2019article 13 du D.L. n\u00b0 196 du 30 juin 2003, \u201cCode en mati\u00e8re de protection des donn\u00e9es personnelles\u201d.1.Les donn\u00e9es que vous nous fournirez seront utilis\u00e9es uniquement dans le but de r\u00e9pondre aux besoins de r\u00e9servations touristiques du site www.locandafiorita.com2.Le traitement des donn\u00e9es sera [&hellip;]<\/p>\n","protected":false},"author":1,"featured_media":0,"parent":0,"menu_order":0,"comment_status":"closed","ping_status":"closed","template":"","meta":{"_acf_changed":false,"inline_featured_image":false,"_joinchat":[],"footnotes":""},"class_list":["post-328","page","type-page","status-publish","hentry"],"acf":[],"_links":{"self":[{"href":"https:\/\/locandafiorita.com\/fr\/wp-json\/wp\/v2\/pages\/328","targetHints":{"allow":["GET"]}}],"collection":[{"href":"https:\/\/locandafiorita.com\/fr\/wp-json\/wp\/v2\/pages"}],"about":[{"href":"https:\/\/locandafiorita.com\/fr\/wp-json\/wp\/v2\/types\/page"}],"author":[{"embeddable":true,"href":"https:\/\/locandafiorita.com\/fr\/wp-json\/wp\/v2\/users\/1"}],"replies":[{"embeddable":true,"href":"https:\/\/locandafiorita.com\/fr\/wp-json\/wp\/v2\/comments?post=328"}],"version-history":[{"count":1,"href":"https:\/\/locandafiorita.com\/fr\/wp-json\/wp\/v2\/pages\/328\/revisions"}],"predecessor-version":[{"id":329,"href":"https:\/\/locandafiorita.com\/fr\/wp-json\/wp\/v2\/pages\/328\/revisions\/329"}],"wp:attachment":[{"href":"https:\/\/locandafiorita.com\/fr\/wp-json\/wp\/v2\/media?parent=328"}],"curies":[{"name":"wp","href":"https:\/\/api.w.org\/{rel}","templated":true}]}}